{"id":3,"date":"2023-11-21T00:14:23","date_gmt":"2023-11-21T00:14:23","guid":{"rendered":"https:\/\/cindu.com\/?page_id=3"},"modified":"2024-07-05T23:54:34","modified_gmt":"2024-07-06T05:54:34","slug":"privacy-policy","status":"publish","type":"page","link":"https:\/\/cindu.com\/en\/privacy-policy\/","title":{"rendered":"PRIVACY POLICY"},"content":{"rendered":"<div data-elementor-type=\"wp-page\" data-elementor-id=\"3\" class=\"elementor elementor-3\" data-elementor-post-type=\"page\">\n\t\t\t\t<div class=\"elementor-element elementor-element-655bde9 e-flex e-con-boxed e-con e-parent\" data-id=\"655bde9\" data-element_type=\"container\" data-e-type=\"container\">\n\t\t\t\t\t<div class=\"e-con-inner\">\n\t\t\t\t<div class=\"elementor-element elementor-element-a614abe elementor-widget elementor-widget-heading\" data-id=\"a614abe\" data-element_type=\"widget\" data-e-type=\"widget\" data-widget_type=\"heading.default\">\n\t\t\t\t<div class=\"elementor-widget-container\">\n\t\t\t\t\t<h2 class=\"elementor-heading-title elementor-size-default\">PRIVACY POLICY\n<\/h2>\t\t\t\t<\/div>\n\t\t\t\t<\/div>\n\t\t\t\t<div class=\"elementor-element elementor-element-24c0f6d elementor-widget elementor-widget-text-editor\" data-id=\"24c0f6d\" data-element_type=\"widget\" data-e-type=\"widget\" data-widget_type=\"text-editor.default\">\n\t\t\t\t<div class=\"elementor-widget-container\">\n\t\t\t\t\t\t\t\t\t<p>Last modified: January 21, 2022<\/p>\n<p><strong>I.\u00a0Introduction<\/strong><\/p>\n<p>CINDU DE GUATEMALA, S.A.(\u00a0<strong>&#8220;Compa\u00f1\u00eda&#8221; o &#8220;Nosotros&#8221;<\/strong>\u00a0) respetamos su privacidad y estamos comprometidos a protegerla mediante el cumplimiento de las pol\u00edticas de privacidad que se detallan a continuaci\u00f3n.<\/p>\n<p>Estas pol\u00edticas describen los tipos de informaci\u00f3n que podemos recopilar de usted o que usted puede proporcionar cuando visita el sitio web (gt.cindu.com) (nuestro\u00a0<strong>&#8221; Sitio web &#8220;<\/strong>) o cualquiera de nuestros perfiles de redes sociales, entre otros: WhatsApp\u00ae Facebook\u00ae, Instagram\u00ae (nuestros\u00a0<strong>\u201cPerfiles de Redes Sociales\u201d<\/strong>) y nuestras pr\u00e1cticas para recopilar, usar, mantener, proteger y divulgar esa informaci\u00f3n.<\/p>\n<p>Estas pol\u00edticas se aplican a la informaci\u00f3n que recopilamos:<\/p>\n<p>a) En este Sitio Web, o en nuestros diferentes Perfiles de Redes Sociales.<\/p>\n<p>b) En correo electr\u00f3nico, texto y otros mensajes electr\u00f3nicos entre usted y la Compa\u00f1\u00eda.<\/p>\n<p>Esta pol\u00edtica no se aplica a la informaci\u00f3n recopilada por:<\/p>\n<p>a) Nosotros por cualquier otro medio.<\/p>\n<p>Le pedimos que lea estas pol\u00edticas detenidamente para comprender nuestras pol\u00edticas y pr\u00e1cticas con respecto a su informaci\u00f3n y c\u00f3mo la trataremos. Si no est\u00e1 de acuerdo con nuestras pol\u00edticas y pr\u00e1cticas, es su opci\u00f3n no utilizar nuestro Sitio Web o nuestros Perfiles de Redes Sociales. Al acceder o utilizar este Sitio Web o nuestros Perfiles de Redes Sociales, acepta esta pol\u00edtica de privacidad. Esta pol\u00edtica puede de tiempo en tiempo cambiar. El uso continuado de este Sitio Web o de nuestros Perfiles de Redes Sociales, despu\u00e9s de que realicemos cambios a estas pol\u00edticas, se considera como una aceptaci\u00f3n de dichos cambios, por lo tanto, consulte las pol\u00edticas peri\u00f3dicamente para obtener actualizaciones.<\/p>\n<p><strong>II.\u00a0Informaci\u00f3n que recopilamos sobre usted y c\u00f3mo la recopilamos<\/strong><\/p>\n<p>Recopilamos varios tipos de informaci\u00f3n sobre los usuarios de nuestro Sitio Web o Perfiles de Redes Sociales, incluida informaci\u00f3n:<\/p>\n<p>\u2022 Por la cual usted pueda ser identificado personalmente, de forma enunciativa, pero no limitativa, nombre, edad, sexo, direcci\u00f3n postal, direcci\u00f3n de correo electr\u00f3nico, n\u00famero de tel\u00e9fono, documento de identidad, Tributaria, fotograf\u00edas, entre otra (en adelante la \u201c<strong>Informaci\u00f3n personal<\/strong>&#8220;); o<\/p>\n<p>\u2022 Acerca de su conexi\u00f3n al Internet, el equipo que utiliza para acceder a nuestro Sitio Web y los detalles de uso.<\/p>\n<p>Recopilamos esta informaci\u00f3n:<\/p>\n<p>\u2022 Directamente de usted cuando usted nos la proporcione.<\/p>\n<p>\u2022 Autom\u00e1ticamente mientras navega por el Sitio Web. La informaci\u00f3n recopilada autom\u00e1ticamente puede incluir detalles de uso, direcciones IP e informaci\u00f3n recopilada a trav\u00e9s de cookies, web beacons, u otras tecnolog\u00edas de seguimiento.<\/p>\n<p><strong>Informaci\u00f3n que nos proporciona:<\/strong>\u00a0La informaci\u00f3n que recopilamos a trav\u00e9s de nuestro Sitio Web o Perfiles de Redes Sociales puede incluir:<\/p>\n<p>\u2022 Informaci\u00f3n que usted proporciona al completar formularios en nuestro Sitio Web o Perfiles de Redes Sociales. Esto incluye informaci\u00f3n proporcionada al momento de registrarse para usar nuestro Sitio Web, suscribirse a nuestro servicio o solicitar nuestros servicios.<\/p>\n<p>\u2022 Las direcciones de correo electr\u00f3nico si se comunica con nosotros.<\/p>\n<p>\u2022 Sus respuestas a las encuestas que podr\u00edamos pedirle que complete con fines de investigaci\u00f3n.<\/p>\n<p>\u2022 Detalles de las transacciones que realiza a trav\u00e9s de nuestro Sitio Web o Perfiles de Redes Sociales y del cumplimiento de sus pedidos. Es posible que deba proporcionar informaci\u00f3n financiera antes de realizar un pedido a trav\u00e9s de nuestro Sitio Web o Perfiles de Redes Sociales.<\/p>\n<p>\u2022 Informaci\u00f3n que usted voluntariamente publica en el Sitio Web, o en nuestros Perfiles de Redes Sociales (colectivamente, &#8221; Contribuciones del Usuario &#8220;). Las Contribuciones del Usuario se publican y se transmiten a otros bajo su propia cuenta y riesgo, tenga en cuenta que ninguna medida de seguridad es perfecta o impenetrable. Adem\u00e1s, no podemos controlar las acciones de otros usuarios del Sitio Web o de nuestros Perfiles de Redes Sociales con los que puede elegir compartir sus contribuciones de usuario. Por lo tanto, no podemos garantizar y no garantizamos que sus Contribuciones de usuario no sean vistas por personas no autorizadas.<\/p>\n<p><strong>Informaci\u00f3n que recopilamos a trav\u00e9s de tecnolog\u00edas de recopilaci\u00f3n autom\u00e1tica de datos:<\/strong>\u00a0A medida que navega e interact\u00faa con nuestro Sitio Web, podemos utilizar tecnolog\u00edas de recopilaci\u00f3n autom\u00e1tica de datos para recopilar cierta informaci\u00f3n sobre su equipo, acciones de navegaci\u00f3n y patrones, que incluyen:<\/p>\n<p>\u2022 Detalles de sus visitas a nuestro Sitio Web, incluidos datos de tr\u00e1fico, datos de ubicaci\u00f3n, registros y otros datos de comunicaci\u00f3n y los recursos a los que accede y utiliza en al Sitio Web.<\/p>\n<p>\u2022 Informaci\u00f3n sobre su computadora y conexi\u00f3n a Internet, incluida su direcci\u00f3n IP, sistema operativo y tipo de navegador.<br \/>Tambi\u00e9n podemos utilizar estas tecnolog\u00edas para recopilar informaci\u00f3n sobre sus actividades en l\u00ednea a lo largo del tiempo que visite nuestro Sitios Web (seguimiento de comportamiento). La informaci\u00f3n que recopilamos autom\u00e1ticamente es \u00fanicamente para fines estad\u00edsticos y no incluye Informaci\u00f3n Personal. Nos ayuda a mejorar nuestro sitio web o perfiles de redes sociales y a brindar un servicio mejor y m\u00e1s personalizado, incluso permiti\u00e9ndonos:<\/p>\n<p>\u2022 Calcular el tama\u00f1o de nuestra audiencia y los patrones de uso.<\/p>\n<p>\u2022 Almacenar informaci\u00f3n sobre sus preferencias, lo que nos permite personalizar nuestro Sitio Web de acuerdo con sus intereses individuales.<\/p>\n<p>\u2022 Acelerar sus b\u00fasquedas.<\/p>\n<p>\u2022 Reconocerlo cuando regrese a nuestro Sitio Web.<\/p>\n<p>Las tecnolog\u00edas que utilizamos para esta recopilaci\u00f3n autom\u00e1tica de datos pueden incluir:<\/p>\n<p>\u2022<strong>\u00a0Cookies (o cookies del navegador).<\/strong>\u00a0Una cookie es un peque\u00f1o archivo que se coloca en el disco duro de su computadora. Puede negarse el uso de las cookies del navegador, activando la configuraci\u00f3n adecuada en su navegador. Sin embargo, si selecciona esta configuraci\u00f3n, es posible que no pueda acceder a ciertas partes de nuestro Sitio Web. A menos que haya ajustado la configuraci\u00f3n de su navegador para que rechace las cookies, nuestro sistema emitir\u00e1 cookies cuando acceda a nuestro Sitio Web.<strong>\u00a0<\/strong><\/p>\n<p>\u2022\u00a0<strong>Cookies Flash.<\/strong>\u00a0Ciertas funciones de nuestro Sitio Web pueden utilizar objetos almacenados localmente (o cookies Flash) para recopilar y almacenar informaci\u00f3n sobre sus preferencias y navegaci\u00f3n hacia, desde y en nuestro sitio web. Las cookies flash no se administran con la misma configuraci\u00f3n del navegador que se utilizan para las cookies del navegador.<\/p>\n<p>\u2022<strong>\u00a0Web Beacons.<\/strong>\u00a0Las p\u00e1ginas de nuestro Sitio Web y nuestros correos electr\u00f3nicos pueden contener peque\u00f1os archivos electr\u00f3nicos conocidos como Web Beacons (tambi\u00e9n denominados gifs transparentes, pixel tags, o single-pixel gifs) que permiten a la Compa\u00f1\u00eda, por ejemplo, contabilizar a los usuarios que han visitados ciertas p\u00e1ginas web o si abri\u00f3 un correo electr\u00f3nico y para otras estad\u00edsticas del Sitio Web relacionadas (por ejemplo, registrando la popularidad de cierto contenido del Sitio Web y verificando la integridad del sistema y del servidor).<\/p>\n<p><strong>III.\u00a0Uso de cookies y otras tecnolog\u00edas de seguimiento por parte de terceros<\/strong><\/p>\n<p>Algunos contenidos o aplicaciones, incluidos los anuncios, en el Sitio Web son proporcionados por terceros, incluidos anunciantes, redes y servidores publicitarios, proveedores de contenido o proveedores de aplicaciones. Estos terceros pueden utilizar cookies para recopilar informaci\u00f3n sobre usted cuando utiliza nuestro Sitio Web. Pueden usar esta informaci\u00f3n para proporcionarle publicidad basada en intereses (comportamiento) u otro contenido dirigido. La Compa\u00f1\u00eda no controla las tecnolog\u00edas de seguimiento de estos terceros ni c\u00f3mo se pueden utilizar. Si tiene alguna pregunta sobre un anuncio u otro contenido espec\u00edfico, debe comunicarse directamente con el proveedor responsable.<\/p>\n<p><strong>IV.\u00a0\u00bfC\u00f3mo usamos su informaci\u00f3n?<\/strong><\/p>\n<p>Usamos la informaci\u00f3n que recopilamos sobre usted o que nos proporciona, incluida cualquier Informaci\u00f3n Personal:<\/p>\n<p>\u2022 Presentarle nuestro Sitio Web o Perfiles de Redes sociales y su contenido.<\/p>\n<p>\u2022 Para brindarle informaci\u00f3n, productos o servicios que nos solicite.<\/p>\n<p>\u2022 Para cumplir con cualquier otro fin para el que lo facilite.<\/p>\n<p>\u2022 Para cumplir con nuestras obligaciones y hacer valer nuestros derechos derivados de cualquier contrato celebrado entre usted y nosotros, incluidos los de facturaci\u00f3n y cobro.<\/p>\n<p>\u2022 Para notificarle sobre cambios en nuestro Sitio Web o Perfiles de Redes Sociales o cualquier producto o servicio que ofrecemos o proporcionamos a trav\u00e9s de \u00e9stos.<br \/>Podemos utilizar la informaci\u00f3n que hemos recopilado de usted para permitirnos mostrar anuncios a las audiencias objetivo de nuestros anunciantes. Aunque no divulgamos su Informaci\u00f3n Personal para estos fines sin su consentimiento, si hace clic en un anuncio o interact\u00faa con \u00e9l, el anunciante puede asumir que cumple con los criterios de destino.<\/p>\n<p><strong>V.\u00a0Divulgaci\u00f3n de su informaci\u00f3n:<\/strong><\/p>\n<p>Podemos divulgar la Informaci\u00f3n Personal que recopilamos o que usted proporcione como se describe en esta pol\u00edtica de privacidad:<\/p>\n<p>\u2022 A los contratistas, proveedores de servicios y otros terceros que utilizamos para respaldar nuestro negocio y que est\u00e1n obligados por obligaciones contractuales a mantener la confidencialidad de la Informaci\u00f3n Personal y usarla solo para los fines para los que se la divulgamos.<\/p>\n<p>\u2022 A un comprador u otro sucesor en caso de fusi\u00f3n, desinversi\u00f3n, reestructuraci\u00f3n, reorganizaci\u00f3n, disoluci\u00f3n u otra venta o transferencia de algunos o todos los activos de la Compa\u00f1\u00eda, en los que la Informaci\u00f3n Personal en poder de la Compa\u00f1\u00eda sobre los usuarios de nuestro Sitio Web se encuentra almacenada entre los activos transferidos.<\/p>\n<p>\u2022 Para cualquier otro prop\u00f3sito revelado por nosotros cuando usted proporciona la informaci\u00f3n.<\/p>\n<p>\u2022 Con tu consentimiento.<\/p>\n<p>\u2022 Para cumplir con cualquier orden judicial, ley o proceso legal, incluso para responder a cualquier solicitud gubernamental o regulatoria.<\/p>\n<p><strong>VI.\u00a0Opciones sobre c\u00f3mo usamos y divulgamos su informaci\u00f3n<\/strong><\/p>\n<p>Nos esforzamos por ofrecerle opciones con respecto a la informaci\u00f3n personal que nos proporciona. Hemos creado mecanismos para brindarle el siguiente control sobre su informaci\u00f3n:<\/p>\n<p>\u2022\u00a0<strong>Tecnolog\u00edas de seguimiento y publicidad.<\/strong>\u00a0Usted puede configurar su navegador para rechazar todas o algunas cookies del navegador, o para que le avise cuando se env\u00eden cookies. Si deshabilita o rechaza las cookies, tenga en cuenta que algunas partes de este sitio pueden ser inaccesibles o no funcionar correctamente.<\/p>\n<p>\u2022\u00a0<strong>Divulgaci\u00f3n de su informaci\u00f3n para publicidad de terceros<\/strong>. Si no desea que compartamos su Informaci\u00f3n Personal con terceros no afiliados o no agentes con fines promocionales, puede optar por no participar marcando la casilla correspondiente ubicada en el formulario en el que recopilamos sus datos (el formulario de pedido). Tambi\u00e9n puede optar por no participar envi\u00e1ndonos un correo electr\u00f3nico con su solicitud a mescobedo@cindu.com.gt.<\/p>\n<p>\u2022\u00a0<strong>Ofertas promocionales de la Compa\u00f1\u00eda<\/strong>. Si no desea que la Compa\u00f1\u00eda utilice su direcci\u00f3n de correo electr\u00f3nico o informaci\u00f3n de contacto para promocionar productos o servicios propios o de terceros, puede optar por no participar marcando la casilla correspondiente ubicada en el formulario de pedido o en cualquier otro momento enviando env\u00edenos un correo electr\u00f3nico indicando su solicitud a mescobedo@cindu.com.gt. Si le hemos enviado un correo electr\u00f3nico promocional, puede enviarnos un correo electr\u00f3nico de respuesta solicitando que lo omitamos en futuras distribuciones de correo electr\u00f3nico. Esta exclusi\u00f3n voluntaria no se aplica a la informaci\u00f3n proporcionada a la Compa\u00f1\u00eda como resultado de la compra de un producto, registro de garant\u00eda, experiencia de servicio del producto u otras transacciones.<\/p>\n<p><strong>VII.\u00a0Acceso y correcci\u00f3n de su informaci\u00f3n<\/strong><\/p>\n<p>Puede revisar y modificar su Informaci\u00f3n Personal ingresando a su perfil de su cuenta. Tambi\u00e9n puede enviarnos un correo electr\u00f3nico a mescobedo@cindu.com.gt para solicitar acceso, corregir o eliminar cualquier Informaci\u00f3n Personal que nos haya proporcionado. No podemos borrar su Informaci\u00f3n Personal excepto borrando tambi\u00e9n su cuenta de usuario. Es posible que no aceptemos una solicitud de cambio de informaci\u00f3n si creemos que el cambio violar\u00eda cualquier ley o requisito legal o causar\u00eda que la informaci\u00f3n sea incorrecta.<\/p>\n<p>Si elimina sus Contribuciones de usuario del Sitio Web o de nuestros Perfiles de Redes Sociales, las copias de sus Contribuciones de usuario pueden permanecer visibles en p\u00e1ginas almacenadas en cach\u00e9 o archivadas, o pueden haber sido copiadas o almacenadas por otros usuarios del Sitio Web o de nuestros Perfiles de Redes Sociales.<br \/><br \/><strong>VIII.\u00a0Seguridad de datos<\/strong><\/p>\n<p>Hemos implementado medidas dise\u00f1adas para proteger su Informaci\u00f3n Personal en contra de p\u00e9rdidas accidentales y de acceso, uso, alteraci\u00f3n y divulgaci\u00f3n no autorizados. Toda la Informaci\u00f3n Personal que nos proporciona se almacena en nuestros servidores detr\u00e1s de firewalls. Todas las transacciones de pago se cifrar\u00e1n utilizando tecnolog\u00eda SSL.<\/p>\n<p>La seguridad y protecci\u00f3n de su Informaci\u00f3n Personal tambi\u00e9n depende de usted. Cuando le hayamos dado (o donde haya elegido) una contrase\u00f1a para acceder a ciertas partes de nuestro Sitio Web, usted es responsable de mantener la confidencialidad de esta contrase\u00f1a. Le pedimos que no comparta su contrase\u00f1a con nadie.<\/p>\n<p>Desafortunadamente, la transmisi\u00f3n de informaci\u00f3n a trav\u00e9s de Internet no es completamente segura. Aunque hacemos todo lo posible para proteger su Informaci\u00f3n Personal, no podemos garantizar la seguridad de su Informaci\u00f3n Personal transmitida por nuestro Sitio Web, por nuestro correo institucional o a trav\u00e9s de nuestros Perfiles de Redes Sociales. Cualquier transmisi\u00f3n de Informaci\u00f3n Personal es bajo su propia cuenta y riesgo.<br \/><br \/><strong>IX.\u00a0Cambios a nuestra pol\u00edtica de privacidad<\/strong><\/p>\n<p>Es nuestra pol\u00edtica publicar cualquier cambio que hagamos en nuestra pol\u00edtica de privacidad a nuestro Sitio Web, mediante un aviso en el Sitio Web informa de que la pol\u00edtica de privacidad se ha. Si realizamos cambios substanciales en la forma en que tratamos la Informaci\u00f3n Personal de nuestros usuarios, se lo notificaremos por correo electr\u00f3nico al correo electr\u00f3nico proporcionado y \/ o mediante un aviso en la p\u00e1gina de inicio del Sitio Web. La fecha de la \u00faltima revisi\u00f3n de la pol\u00edtica de privacidad se identifica en la parte superior de la p\u00e1gina. Usted es responsable de asegurarse de que tengamos una direcci\u00f3n de correo electr\u00f3nico activa y de entrega actualizada para usted, y de visitar peri\u00f3dicamente nuestro Sitio Web y esta pol\u00edtica de privacidad para verificar cualquier cambio.<br \/><br \/><strong>X.\u00a0Pol\u00edticas de Privacidad en nuestros Perfiles de Redes Sociales:<\/strong><\/p>\n<p>Con el objeto de promover nuestros servicios y productos, la Compa\u00f1\u00eda podr\u00e1 hacer uso de distintas redes sociales que existen en la actualidad o que podr\u00e1n existir en un futuro, incluyendo de forma enunciativa pero no limitativa, WhatsApp\u00ae, Facebook\u00ae, Instagram\u00ae, entre otras. En tal sentido, al momento en que usted utiliza dichas redes sociales para visualizar nuestros perfiles, o bien, se comunica con nosotros, usted acepta expresamente estas pol\u00edticas de privacidad.<\/p>\n<p>La Compa\u00f1\u00eda no controla ni directa ni indirectamente la forma en que las redes sociales hacen uso de su Informaci\u00f3n Personal, en tal sentido, usted libera a la Compa\u00f1\u00eda de cualquier uso indebido que dichas redes sociales hagan de su Informaci\u00f3n Personal. Para entender la forma en que dichas redes sociales hacen uso de su Informaci\u00f3n Confidencial, lo exhortamos a que revise las pol\u00edticas de privacidad de cada red social.<\/p>\n<p><strong>XI.\u00a0Informaci\u00f3n del contacto<\/strong><\/p>\n<p>Para hacer preguntas o comentar sobre esta pol\u00edtica de privacidad y nuestras pr\u00e1cticas de privacidad, cont\u00e1ctenos en:<\/p>\n<p><strong>mescobedo@cindu.com.gt<\/strong><br \/><strong>https:\/\/gt.cindu.com\/gt_es<\/strong><\/p>\n<p><strong>30 calle 20-17 zona 12 (Av. Petapa)<\/strong><br \/><strong>Guatemala, Av. PEtapa 01012, GT<\/strong><\/p>\t\t\t\t\t\t\t\t<\/div>\n\t\t\t\t<\/div>\n\t\t\t\t\t<\/div>\n\t\t\t\t<\/div>\n\t\t\t\t<\/div>","protected":false},"excerpt":{"rendered":"<p>POL\u00cdTICA DE PRIVACIDAD \u00daltima modificaci\u00f3n: Enero 21, 2022 I.\u00a0Introducci\u00f3n CINDU DE GUATEMALA, S.A.(\u00a0&#8220;Compa\u00f1\u00eda&#8221; o &#8220;Nosotros&#8221;\u00a0) respetamos su privacidad y estamos comprometidos a protegerla mediante el cumplimiento de las pol\u00edticas de privacidad que se detallan a continuaci\u00f3n. Estas pol\u00edticas describen los tipos de informaci\u00f3n que podemos recopilar de usted o que usted puede proporcionar cuando visita [&hellip;]<\/p>\n","protected":false},"author":1,"featured_media":469,"parent":0,"menu_order":0,"comment_status":"closed","ping_status":"open","template":"","meta":{"footnotes":""},"class_list":["post-3","page","type-page","status-publish","has-post-thumbnail","hentry"],"_links":{"self":[{"href":"https:\/\/cindu.com\/en\/wp-json\/wp\/v2\/pages\/3","targetHints":{"allow":["GET"]}}],"collection":[{"href":"https:\/\/cindu.com\/en\/wp-json\/wp\/v2\/pages"}],"about":[{"href":"https:\/\/cindu.com\/en\/wp-json\/wp\/v2\/types\/page"}],"author":[{"embeddable":true,"href":"https:\/\/cindu.com\/en\/wp-json\/wp\/v2\/users\/1"}],"replies":[{"embeddable":true,"href":"https:\/\/cindu.com\/en\/wp-json\/wp\/v2\/comments?post=3"}],"version-history":[{"count":13,"href":"https:\/\/cindu.com\/en\/wp-json\/wp\/v2\/pages\/3\/revisions"}],"predecessor-version":[{"id":1174,"href":"https:\/\/cindu.com\/en\/wp-json\/wp\/v2\/pages\/3\/revisions\/1174"}],"wp:featuredmedia":[{"embeddable":true,"href":"https:\/\/cindu.com\/en\/wp-json\/wp\/v2\/media\/469"}],"wp:attachment":[{"href":"https:\/\/cindu.com\/en\/wp-json\/wp\/v2\/media?parent=3"}],"curies":[{"name":"wp","href":"https:\/\/api.w.org\/{rel}","templated":true}]}}